{"id":1557,"date":"2020-10-05T17:13:11","date_gmt":"2020-10-05T15:13:11","guid":{"rendered":"https:\/\/www.rimm.at\/?page_id=1557"},"modified":"2022-08-25T11:39:02","modified_gmt":"2022-08-25T09:39:02","slug":"impressum","status":"publish","type":"page","link":"https:\/\/www.rimm.at\/cs\/startseite\/info\/impressum\/","title":{"rendered":"otisk"},"content":{"rendered":"<div data-elementor-type=\"wp-page\" data-elementor-id=\"1557\" class=\"elementor elementor-1557\">\n\t\t\t\t\t\t<section class=\"elementor-section elementor-top-section elementor-element elementor-element-df1d52f elementor-section-boxed elementor-section-height-default elementor-section-height-default\" data-id=\"df1d52f\" data-element_type=\"section\">\n\t\t\t\t\t\t<div class=\"elementor-container elementor-column-gap-default\">\n\t\t\t\t\t<div class=\"elementor-column elementor-col-100 elementor-top-column elementor-element elementor-element-fc883e4\" data-id=\"fc883e4\" data-element_type=\"column\">\n\t\t\t<div class=\"elementor-widget-wrap elementor-element-populated\">\n\t\t\t\t\t\t<div class=\"elementor-element elementor-element-b487092 elementor-widget elementor-widget-text-editor\" data-id=\"b487092\" data-element_type=\"widget\" data-widget_type=\"text-editor.default\">\n\t\t\t\t<div class=\"elementor-widget-container\">\n\t\t\t\t\t\t\t\t\t<p>\t\t<div data-elementor-type=\"wp-post\" data-elementor-id=\"4130\" class=\"elementor elementor-4130\">\n\t\t\t\t\t\t<section class=\"elementor-section elementor-top-section elementor-element elementor-element-e0b3cce elementor-section-boxed elementor-section-height-default elementor-section-height-default\" data-id=\"e0b3cce\" data-element_type=\"section\">\n\t\t\t\t\t\t<div class=\"elementor-container elementor-column-gap-default\">\n\t\t\t\t\t<div class=\"elementor-column elementor-col-100 elementor-top-column elementor-element elementor-element-6a33962\" data-id=\"6a33962\" data-element_type=\"column\">\n\t\t\t<div class=\"elementor-widget-wrap elementor-element-populated\">\n\t\t\t\t\t\t<div class=\"elementor-element elementor-element-ecb3aac elementor-hidden-tablet elementor-hidden-phone hfe-nav-menu__align-center animated-fast hfe-submenu-icon-arrow hfe-submenu-animation-none hfe-link-redirect-child hfe-nav-menu__breakpoint-tablet elementor-invisible elementor-widget elementor-widget-navigation-menu\" data-id=\"ecb3aac\" data-element_type=\"widget\" data-settings=\"{&quot;menu_space_between&quot;:{&quot;unit&quot;:&quot;px&quot;,&quot;size&quot;:80,&quot;sizes&quot;:[]},&quot;menu_row_space&quot;:{&quot;unit&quot;:&quot;px&quot;,&quot;size&quot;:0,&quot;sizes&quot;:[]},&quot;_animation&quot;:&quot;fadeInLeft&quot;,&quot;_animation_delay&quot;:200,&quot;padding_horizontal_menu_item&quot;:{&quot;unit&quot;:&quot;px&quot;,&quot;size&quot;:0,&quot;sizes&quot;:[]},&quot;padding_vertical_menu_item&quot;:{&quot;unit&quot;:&quot;px&quot;,&quot;size&quot;:8,&quot;sizes&quot;:[]},&quot;padding_horizontal_menu_item_tablet&quot;:{&quot;unit&quot;:&quot;px&quot;,&quot;size&quot;:&quot;&quot;,&quot;sizes&quot;:[]},&quot;padding_horizontal_menu_item_mobile&quot;:{&quot;unit&quot;:&quot;px&quot;,&quot;size&quot;:&quot;&quot;,&quot;sizes&quot;:[]},&quot;padding_vertical_menu_item_tablet&quot;:{&quot;unit&quot;:&quot;px&quot;,&quot;size&quot;:&quot;&quot;,&quot;sizes&quot;:[]},&quot;padding_vertical_menu_item_mobile&quot;:{&quot;unit&quot;:&quot;px&quot;,&quot;size&quot;:&quot;&quot;,&quot;sizes&quot;:[]},&quot;menu_space_between_tablet&quot;:{&quot;unit&quot;:&quot;px&quot;,&quot;size&quot;:&quot;&quot;,&quot;sizes&quot;:[]},&quot;menu_space_between_mobile&quot;:{&quot;unit&quot;:&quot;px&quot;,&quot;size&quot;:&quot;&quot;,&quot;sizes&quot;:[]},&quot;menu_row_space_tablet&quot;:{&quot;unit&quot;:&quot;px&quot;,&quot;size&quot;:&quot;&quot;,&quot;sizes&quot;:[]},&quot;menu_row_space_mobile&quot;:{&quot;unit&quot;:&quot;px&quot;,&quot;size&quot;:&quot;&quot;,&quot;sizes&quot;:[]},&quot;dropdown_border_radius&quot;:{&quot;unit&quot;:&quot;px&quot;,&quot;top&quot;:&quot;&quot;,&quot;right&quot;:&quot;&quot;,&quot;bottom&quot;:&quot;&quot;,&quot;left&quot;:&quot;&quot;,&quot;isLinked&quot;:true},&quot;dropdown_border_radius_tablet&quot;:{&quot;unit&quot;:&quot;px&quot;,&quot;top&quot;:&quot;&quot;,&quot;right&quot;:&quot;&quot;,&quot;bottom&quot;:&quot;&quot;,&quot;left&quot;:&quot;&quot;,&quot;isLinked&quot;:true},&quot;dropdown_border_radius_mobile&quot;:{&quot;unit&quot;:&quot;px&quot;,&quot;top&quot;:&quot;&quot;,&quot;right&quot;:&quot;&quot;,&quot;bottom&quot;:&quot;&quot;,&quot;left&quot;:&quot;&quot;,&quot;isLinked&quot;:true},&quot;width_dropdown_item&quot;:{&quot;unit&quot;:&quot;px&quot;,&quot;size&quot;:&quot;220&quot;,&quot;sizes&quot;:[]},&quot;width_dropdown_item_tablet&quot;:{&quot;unit&quot;:&quot;px&quot;,&quot;size&quot;:&quot;&quot;,&quot;sizes&quot;:[]},&quot;width_dropdown_item_mobile&quot;:{&quot;unit&quot;:&quot;px&quot;,&quot;size&quot;:&quot;&quot;,&quot;sizes&quot;:[]},&quot;padding_horizontal_dropdown_item&quot;:{&quot;unit&quot;:&quot;px&quot;,&quot;size&quot;:&quot;&quot;,&quot;sizes&quot;:[]},&quot;padding_horizontal_dropdown_item_tablet&quot;:{&quot;unit&quot;:&quot;px&quot;,&quot;size&quot;:&quot;&quot;,&quot;sizes&quot;:[]},&quot;padding_horizontal_dropdown_item_mobile&quot;:{&quot;unit&quot;:&quot;px&quot;,&quot;size&quot;:&quot;&quot;,&quot;sizes&quot;:[]},&quot;padding_vertical_dropdown_item&quot;:{&quot;unit&quot;:&quot;px&quot;,&quot;size&quot;:15,&quot;sizes&quot;:[]},&quot;padding_vertical_dropdown_item_tablet&quot;:{&quot;unit&quot;:&quot;px&quot;,&quot;size&quot;:&quot;&quot;,&quot;sizes&quot;:[]},&quot;padding_vertical_dropdown_item_mobile&quot;:{&quot;unit&quot;:&quot;px&quot;,&quot;size&quot;:&quot;&quot;,&quot;sizes&quot;:[]},&quot;distance_from_menu&quot;:{&quot;unit&quot;:&quot;px&quot;,&quot;size&quot;:&quot;&quot;,&quot;sizes&quot;:[]},&quot;distance_from_menu_tablet&quot;:{&quot;unit&quot;:&quot;px&quot;,&quot;size&quot;:&quot;&quot;,&quot;sizes&quot;:[]},&quot;distance_from_menu_mobile&quot;:{&quot;unit&quot;:&quot;px&quot;,&quot;size&quot;:&quot;&quot;,&quot;sizes&quot;:[]},&quot;toggle_size&quot;:{&quot;unit&quot;:&quot;px&quot;,&quot;size&quot;:&quot;&quot;,&quot;sizes&quot;:[]},&quot;toggle_size_tablet&quot;:{&quot;unit&quot;:&quot;px&quot;,&quot;size&quot;:&quot;&quot;,&quot;sizes&quot;:[]},&quot;toggle_size_mobile&quot;:{&quot;unit&quot;:&quot;px&quot;,&quot;size&quot;:&quot;&quot;,&quot;sizes&quot;:[]},&quot;toggle_border_width&quot;:{&quot;unit&quot;:&quot;px&quot;,&quot;size&quot;:&quot;&quot;,&quot;sizes&quot;:[]},&quot;toggle_border_width_tablet&quot;:{&quot;unit&quot;:&quot;px&quot;,&quot;size&quot;:&quot;&quot;,&quot;sizes&quot;:[]},&quot;toggle_border_width_mobile&quot;:{&quot;unit&quot;:&quot;px&quot;,&quot;size&quot;:&quot;&quot;,&quot;sizes&quot;:[]},&quot;toggle_border_radius&quot;:{&quot;unit&quot;:&quot;px&quot;,&quot;size&quot;:&quot;&quot;,&quot;sizes&quot;:[]},&quot;toggle_border_radius_tablet&quot;:{&quot;unit&quot;:&quot;px&quot;,&quot;size&quot;:&quot;&quot;,&quot;sizes&quot;:[]},&quot;toggle_border_radius_mobile&quot;:{&quot;unit&quot;:&quot;px&quot;,&quot;size&quot;:&quot;&quot;,&quot;sizes&quot;:[]}}\" data-widget_type=\"navigation-menu.default\">\n\t\t\t\t<div class=\"elementor-widget-container\">\n\t\t\t\t\t\t\t\t<div class=\"hfe-nav-menu hfe-layout-horizontal hfe-nav-menu-layout horizontal hfe-pointer__underline hfe-animation__grow\" data-layout=\"horizontal\">\n\t\t\t\t<div role=\"button\" class=\"hfe-nav-menu__toggle elementor-clickable\">\n\t\t\t\t\t<span class=\"screen-reader-text\">Menu<\/span>\n\t\t\t\t\t<div class=\"hfe-nav-menu-icon\">\n\t\t\t\t\t\t<i aria-hidden=\"true\"  class=\"fas fa-align-justify\"><\/i>\t\t\t\t\t<\/div>\n\t\t\t\t<\/div>\n\t\t\t\t<nav class=\"hfe-nav-menu__layout-horizontal hfe-nav-menu__submenu-arrow\" data-toggle-icon=\"&lt;i aria-hidden=&quot;true&quot; tabindex=&quot;0&quot; class=&quot;fas fa-align-justify&quot;&gt;&lt;\/i&gt;\" data-close-icon=\"&lt;i aria-hidden=&quot;true&quot; tabindex=&quot;0&quot; class=&quot;far fa-window-close&quot;&gt;&lt;\/i&gt;\" data-full-width=\"\"><ul id=\"menu-1-ecb3aac\" class=\"hfe-nav-menu\"><li id=\"menu-item-2109\" class=\"menu-item menu-item-type-post_type menu-item-object-page parent hfe-creative-menu\"><a href=\"https:\/\/www.rimm.at\/cs\/startseite\/info\/kontakt\/\" class = \"hfe-menu-item\">kontakt<\/a><\/li>\n<li id=\"menu-item-2107\" class=\"menu-item menu-item-type-post_type menu-item-object-page parent hfe-creative-menu\"><a href=\"https:\/\/www.rimm.at\/cs\/startseite\/info\/impressum\/\" class = \"hfe-menu-item\">otisk<\/a><\/li>\n<li id=\"menu-item-2106\" class=\"menu-item menu-item-type-post_type menu-item-object-page parent hfe-creative-menu\"><a href=\"https:\/\/www.rimm.at\/cs\/startseite\/info\/agb\/\" class = \"hfe-menu-item\">podm\u00ednky<\/a><\/li>\n<li id=\"menu-item-2105\" class=\"menu-item menu-item-type-post_type menu-item-object-page menu-item-privacy-policy parent hfe-creative-menu\"><a href=\"https:\/\/www.rimm.at\/cs\/startseite\/info\/datenschutzerklaerung\/\" class = \"hfe-menu-item\">ochrana dat<\/a><\/li>\n<\/ul><\/nav>\n\t\t\t<\/div>\n\t\t\t\t\t\t\t<\/div>\n\t\t\t\t<\/div>\n\t\t\t\t\t<\/div>\n\t\t<\/div>\n\t\t\t\t\t<\/div>\n\t\t<\/section>\n\t\t\t\t<\/div>\n\t\t<\/p>\t\t\t\t\t\t\t\t<\/div>\n\t\t\t\t<\/div>\n\t\t\t\t\t<\/div>\n\t\t<\/div>\n\t\t\t\t\t<\/div>\n\t\t<\/section>\n\t\t\t\t<section class=\"elementor-section elementor-top-section elementor-element elementor-element-da29100 elementor-section-boxed elementor-section-height-default elementor-section-height-default\" data-id=\"da29100\" data-element_type=\"section\">\n\t\t\t\t\t\t<div class=\"elementor-container elementor-column-gap-default\">\n\t\t\t\t\t<div class=\"elementor-column elementor-col-100 elementor-top-column elementor-element elementor-element-6fe187c\" data-id=\"6fe187c\" data-element_type=\"column\">\n\t\t\t<div class=\"elementor-widget-wrap elementor-element-populated\">\n\t\t\t\t\t\t<div class=\"elementor-element elementor-element-6de71de animated-fast elementor-widget-tablet__width-auto elementor-widget-mobile__width-initial elementor-invisible elementor-widget elementor-widget-heading\" data-id=\"6de71de\" data-element_type=\"widget\" data-settings=\"{&quot;_animation&quot;:&quot;fadeInLeft&quot;}\" data-widget_type=\"heading.default\">\n\t\t\t\t<div class=\"elementor-widget-container\">\n\t\t\t\t\t<h2 class=\"elementor-heading-title elementor-size-default\">otisk<\/h2>\t\t\t\t<\/div>\n\t\t\t\t<\/div>\n\t\t\t\t<section class=\"elementor-section elementor-inner-section elementor-element elementor-element-cec6a42 animated-fast elementor-section-boxed elementor-section-height-default elementor-section-height-default elementor-invisible\" data-id=\"cec6a42\" data-element_type=\"section\" data-settings=\"{&quot;background_background&quot;:&quot;gradient&quot;,&quot;animation&quot;:&quot;fadeInUp&quot;,&quot;animation_delay&quot;:200}\">\n\t\t\t\t\t\t\t<div class=\"elementor-background-overlay\"><\/div>\n\t\t\t\t\t\t\t<div class=\"elementor-container elementor-column-gap-default\">\n\t\t\t\t\t<div class=\"elementor-column elementor-col-100 elementor-inner-column elementor-element elementor-element-6e80fcd\" data-id=\"6e80fcd\" data-element_type=\"column\">\n\t\t\t<div class=\"elementor-widget-wrap elementor-element-populated\">\n\t\t\t\t\t\t<div class=\"elementor-element elementor-element-f9ce2cd elementor-widget elementor-widget-image\" data-id=\"f9ce2cd\" data-element_type=\"widget\" data-widget_type=\"image.default\">\n\t\t\t\t<div class=\"elementor-widget-container\">\n\t\t\t\t\t\t\t\t\t\t\t\t\t\t\t<img decoding=\"async\" src=\"https:\/\/www.rimm.at\/wp-content\/uploads\/2020\/10\/Rimm-Logo_03-11-2020-01.png\" title=\"\" alt=\"\" loading=\"lazy\" \/>\t\t\t\t\t\t\t\t\t\t\t\t\t\t\t<\/div>\n\t\t\t\t<\/div>\n\t\t\t\t<div class=\"elementor-element elementor-element-648433e elementor-widget elementor-widget-text-editor\" data-id=\"648433e\" data-element_type=\"widget\" data-widget_type=\"text-editor.default\">\n\t\t\t\t<div class=\"elementor-widget-container\">\n\t\t\t\t\t\t\t\t\t<p><strong>Mayerhofer RIMM Maschinenbau GmbH<\/strong><br \/><a href=\"https:\/\/www.google.com\/maps\/place\/Bad+Haller+Str.+21,+4550+Kremsm%C3%BCnster\/@48.0553268,14.14833,17z\/data=!3m1!4b1!4m5!3m4!1s0x4773e9083fed76bd:0x85bcb99321ca439d!8m2!3d48.0553232!4d14.1505187\">Bad Haller Strasse 21<br \/>4550 Kremsm\u00fcnster<\/a><\/p><p>UID: ATU57601401<\/p><p>Tel.:\u00a0<a href=\"tel:\">0043 7583 6761<\/a><br \/><span style=\"background-color: transparent; color: var( --e-global-color-primary ); letter-spacing: 0px;\">Fax: 0043 7583 6761-8<br \/><\/span><span style=\"color: var( --e-global-color-primary ); letter-spacing: 0px; background-color: transparent;\">E-Mail:\u00a0<\/span><a style=\"letter-spacing: 0px; background-color: transparent;\" title=\"Mail an office@rimm.at\" href=\"mailto:office@rimm.at\">office@rimm.at<\/a><\/p>\t\t\t\t\t\t\t\t<\/div>\n\t\t\t\t<\/div>\n\t\t\t\t<div class=\"elementor-element elementor-element-3e949c5 elementor-widget elementor-widget-text-editor\" data-id=\"3e949c5\" data-element_type=\"widget\" data-widget_type=\"text-editor.default\">\n\t\t\t\t<div class=\"elementor-widget-container\">\n\t\t\t\t\t\t\t\t\t<p>Platforma Evropsk\u00e9 komise pro online \u0159e\u0161en\u00ed spor\u016f (OS) pro spot\u0159ebitele:\u00a0<a href=\"https:\/\/ec.europa.eu\/consumers\/odr\/\" target=\"_blank\" rel=\"noopener\">https:\/\/ec.europa.eu\/consumers\/odr\/<\/a>Nejsme ochotni ani povinni \u00fa\u010dastnit se \u0159\u00edzen\u00ed o \u0159e\u0161en\u00ed spor\u016f p\u0159ed rozhod\u010d\u00ed komis\u00ed pro spot\u0159ebitelsk\u00e9 spory.<\/p>\t\t\t\t\t\t\t\t<\/div>\n\t\t\t\t<\/div>\n\t\t\t\t\t<\/div>\n\t\t<\/div>\n\t\t\t\t\t<\/div>\n\t\t<\/section>\n\t\t\t\t\t<\/div>\n\t\t<\/div>\n\t\t\t\t\t<\/div>\n\t\t<\/section>\n\t\t\t\t<\/div>","protected":false},"excerpt":{"rendered":"<p>Impressum Mayerhofer RIMM Maschinenbau GmbHBad Haller Strasse 214550 Kremsm\u00fcnster UID: ATU57601401 Tel.:\u00a00043 7583 6761Fax: 0043 7583 6761-8E-Mail:\u00a0office@rimm.at Plattform der Europ\u00e4ischen Kommission zur Online-Streitbeilegung (OS) f\u00fcr Verbraucher:\u00a0https:\/\/ec.europa.eu\/consumers\/odr\/. Wir sind nicht bereit und nicht verpflichtet an einem Streitbeilegungsverfahren vor einer Verbraucherschlichtungsstelle teilzunehmen.<\/p>","protected":false},"author":9,"featured_media":0,"parent":1610,"menu_order":3,"comment_status":"closed","ping_status":"closed","template":"elementor_header_footer","meta":{"neve_meta_sidebar":"","neve_meta_container":"","neve_meta_enable_content_width":"","neve_meta_content_width":0,"neve_meta_title_alignment":"","neve_meta_author_avatar":"","neve_post_elements_order":"","neve_meta_disable_header":"","neve_meta_disable_footer":"","neve_meta_disable_title":"","footnotes":""},"yoast_head":"<!-- This site is optimized with the Yoast SEO plugin v22.6 - https:\/\/yoast.com\/wordpress\/plugins\/seo\/ -->\n<title>Impressum - RIMM<\/title>\n<meta name=\"robots\" content=\"index, follow, max-snippet:-1, max-image-preview:large, max-video-preview:-1\" \/>\n<link rel=\"canonical\" href=\"https:\/\/www.rimm.at\/cs\/startseite\/info\/impressum\/\" \/>\n<meta property=\"og:locale\" content=\"cs_CZ\" \/>\n<meta property=\"og:type\" content=\"article\" \/>\n<meta property=\"og:title\" content=\"Impressum - RIMM\" \/>\n<meta property=\"og:description\" content=\"Impressum Mayerhofer RIMM Maschinenbau GmbHBad Haller Strasse 214550 Kremsm\u00fcnster UID: ATU57601401 Tel.:\u00a00043 7583 6761Fax: 0043 7583 6761-8E-Mail:\u00a0office@rimm.at Plattform der Europ\u00e4ischen Kommission zur Online-Streitbeilegung (OS) f\u00fcr Verbraucher:\u00a0https:\/\/ec.europa.eu\/consumers\/odr\/. Wir sind nicht bereit und nicht verpflichtet an einem Streitbeilegungsverfahren vor einer Verbraucherschlichtungsstelle teilzunehmen.\" \/>\n<meta property=\"og:url\" content=\"https:\/\/www.rimm.at\/cs\/startseite\/info\/impressum\/\" \/>\n<meta property=\"og:site_name\" content=\"RIMM\" \/>\n<meta property=\"article:modified_time\" content=\"2022-08-25T09:39:02+00:00\" \/>\n<meta property=\"og:image\" content=\"https:\/\/www.rimm.at\/wp-content\/uploads\/2020\/10\/Rimm-Logo_03-11-2020-01.png\" \/>\n<meta name=\"twitter:card\" content=\"summary_large_image\" \/>\n<meta name=\"twitter:label1\" content=\"Odhadovan\u00e1 doba \u010dten\u00ed\" \/>\n\t<meta name=\"twitter:data1\" content=\"2 minuty\" \/>\n<script type=\"application\/ld+json\" class=\"yoast-schema-graph\">{\"@context\":\"https:\/\/schema.org\",\"@graph\":[{\"@type\":\"WebPage\",\"@id\":\"https:\/\/www.rimm.at\/startseite\/info\/impressum\/\",\"url\":\"https:\/\/www.rimm.at\/startseite\/info\/impressum\/\",\"name\":\"Impressum - RIMM\",\"isPartOf\":{\"@id\":\"https:\/\/www.rimm.at\/#website\"},\"primaryImageOfPage\":{\"@id\":\"https:\/\/www.rimm.at\/startseite\/info\/impressum\/#primaryimage\"},\"image\":{\"@id\":\"https:\/\/www.rimm.at\/startseite\/info\/impressum\/#primaryimage\"},\"thumbnailUrl\":\"https:\/\/www.rimm.at\/wp-content\/uploads\/2020\/10\/Rimm-Logo_03-11-2020-01.png\",\"datePublished\":\"2020-10-05T15:13:11+00:00\",\"dateModified\":\"2022-08-25T09:39:02+00:00\",\"breadcrumb\":{\"@id\":\"https:\/\/www.rimm.at\/startseite\/info\/impressum\/#breadcrumb\"},\"inLanguage\":\"cs\",\"potentialAction\":[{\"@type\":\"ReadAction\",\"target\":[\"https:\/\/www.rimm.at\/startseite\/info\/impressum\/\"]}]},{\"@type\":\"ImageObject\",\"inLanguage\":\"cs\",\"@id\":\"https:\/\/www.rimm.at\/startseite\/info\/impressum\/#primaryimage\",\"url\":\"https:\/\/www.rimm.at\/wp-content\/uploads\/2020\/10\/Rimm-Logo_03-11-2020-01.png\",\"contentUrl\":\"https:\/\/www.rimm.at\/wp-content\/uploads\/2020\/10\/Rimm-Logo_03-11-2020-01.png\"},{\"@type\":\"BreadcrumbList\",\"@id\":\"https:\/\/www.rimm.at\/startseite\/info\/impressum\/#breadcrumb\",\"itemListElement\":[{\"@type\":\"ListItem\",\"position\":1,\"name\":\"Home\",\"item\":\"https:\/\/www.rimm.at\/\"},{\"@type\":\"ListItem\",\"position\":2,\"name\":\"Startseite\",\"item\":\"https:\/\/www.rimm.at\/\"},{\"@type\":\"ListItem\",\"position\":3,\"name\":\"Info\",\"item\":\"https:\/\/www.rimm.at\/en\/startseite\/info\/\"},{\"@type\":\"ListItem\",\"position\":4,\"name\":\"Impressum\"}]},{\"@type\":\"WebSite\",\"@id\":\"https:\/\/www.rimm.at\/#website\",\"url\":\"https:\/\/www.rimm.at\/\",\"name\":\"RIMM\",\"description\":\"Elastomer Spritzgussmaschinen  |  \u00d6sterreich\",\"publisher\":{\"@id\":\"https:\/\/www.rimm.at\/#organization\"},\"potentialAction\":[{\"@type\":\"SearchAction\",\"target\":{\"@type\":\"EntryPoint\",\"urlTemplate\":\"https:\/\/www.rimm.at\/?s={search_term_string}\"},\"query-input\":\"required name=search_term_string\"}],\"inLanguage\":\"cs\"},{\"@type\":\"Organization\",\"@id\":\"https:\/\/www.rimm.at\/#organization\",\"name\":\"RIMM\",\"url\":\"https:\/\/www.rimm.at\/\",\"logo\":{\"@type\":\"ImageObject\",\"inLanguage\":\"cs\",\"@id\":\"https:\/\/www.rimm.at\/#\/schema\/logo\/image\/\",\"url\":\"https:\/\/www.rimm.at\/wp-content\/uploads\/2020\/10\/Rimm-Logo_glossy-2-01.png\",\"contentUrl\":\"https:\/\/www.rimm.at\/wp-content\/uploads\/2020\/10\/Rimm-Logo_glossy-2-01.png\",\"width\":6572,\"height\":2084,\"caption\":\"RIMM\"},\"image\":{\"@id\":\"https:\/\/www.rimm.at\/#\/schema\/logo\/image\/\"}}]}<\/script>\n<!-- \/ Yoast SEO plugin. -->","yoast_head_json":{"title":"Impressum - RIMM","robots":{"index":"index","follow":"follow","max-snippet":"max-snippet:-1","max-image-preview":"max-image-preview:large","max-video-preview":"max-video-preview:-1"},"canonical":"https:\/\/www.rimm.at\/cs\/startseite\/info\/impressum\/","og_locale":"cs_CZ","og_type":"article","og_title":"Impressum - RIMM","og_description":"Impressum Mayerhofer RIMM Maschinenbau GmbHBad Haller Strasse 214550 Kremsm\u00fcnster UID: ATU57601401 Tel.:\u00a00043 7583 6761Fax: 0043 7583 6761-8E-Mail:\u00a0office@rimm.at Plattform der Europ\u00e4ischen Kommission zur Online-Streitbeilegung (OS) f\u00fcr Verbraucher:\u00a0https:\/\/ec.europa.eu\/consumers\/odr\/. Wir sind nicht bereit und nicht verpflichtet an einem Streitbeilegungsverfahren vor einer Verbraucherschlichtungsstelle teilzunehmen.","og_url":"https:\/\/www.rimm.at\/cs\/startseite\/info\/impressum\/","og_site_name":"RIMM","article_modified_time":"2022-08-25T09:39:02+00:00","og_image":[{"url":"https:\/\/www.rimm.at\/wp-content\/uploads\/2020\/10\/Rimm-Logo_03-11-2020-01.png"}],"twitter_card":"summary_large_image","twitter_misc":{"Odhadovan\u00e1 doba \u010dten\u00ed":"2 minuty"},"schema":{"@context":"https:\/\/schema.org","@graph":[{"@type":"WebPage","@id":"https:\/\/www.rimm.at\/startseite\/info\/impressum\/","url":"https:\/\/www.rimm.at\/startseite\/info\/impressum\/","name":"Impressum - RIMM","isPartOf":{"@id":"https:\/\/www.rimm.at\/#website"},"primaryImageOfPage":{"@id":"https:\/\/www.rimm.at\/startseite\/info\/impressum\/#primaryimage"},"image":{"@id":"https:\/\/www.rimm.at\/startseite\/info\/impressum\/#primaryimage"},"thumbnailUrl":"https:\/\/www.rimm.at\/wp-content\/uploads\/2020\/10\/Rimm-Logo_03-11-2020-01.png","datePublished":"2020-10-05T15:13:11+00:00","dateModified":"2022-08-25T09:39:02+00:00","breadcrumb":{"@id":"https:\/\/www.rimm.at\/startseite\/info\/impressum\/#breadcrumb"},"inLanguage":"cs","potentialAction":[{"@type":"ReadAction","target":["https:\/\/www.rimm.at\/startseite\/info\/impressum\/"]}]},{"@type":"ImageObject","inLanguage":"cs","@id":"https:\/\/www.rimm.at\/startseite\/info\/impressum\/#primaryimage","url":"https:\/\/www.rimm.at\/wp-content\/uploads\/2020\/10\/Rimm-Logo_03-11-2020-01.png","contentUrl":"https:\/\/www.rimm.at\/wp-content\/uploads\/2020\/10\/Rimm-Logo_03-11-2020-01.png"},{"@type":"BreadcrumbList","@id":"https:\/\/www.rimm.at\/startseite\/info\/impressum\/#breadcrumb","itemListElement":[{"@type":"ListItem","position":1,"name":"Home","item":"https:\/\/www.rimm.at\/"},{"@type":"ListItem","position":2,"name":"Startseite","item":"https:\/\/www.rimm.at\/"},{"@type":"ListItem","position":3,"name":"Info","item":"https:\/\/www.rimm.at\/en\/startseite\/info\/"},{"@type":"ListItem","position":4,"name":"Impressum"}]},{"@type":"WebSite","@id":"https:\/\/www.rimm.at\/#website","url":"https:\/\/www.rimm.at\/","name":"RIMM","description":"Elastomer Spritzgussmaschinen  |  \u00d6sterreich","publisher":{"@id":"https:\/\/www.rimm.at\/#organization"},"potentialAction":[{"@type":"SearchAction","target":{"@type":"EntryPoint","urlTemplate":"https:\/\/www.rimm.at\/?s={search_term_string}"},"query-input":"required name=search_term_string"}],"inLanguage":"cs"},{"@type":"Organization","@id":"https:\/\/www.rimm.at\/#organization","name":"RIMM","url":"https:\/\/www.rimm.at\/","logo":{"@type":"ImageObject","inLanguage":"cs","@id":"https:\/\/www.rimm.at\/#\/schema\/logo\/image\/","url":"https:\/\/www.rimm.at\/wp-content\/uploads\/2020\/10\/Rimm-Logo_glossy-2-01.png","contentUrl":"https:\/\/www.rimm.at\/wp-content\/uploads\/2020\/10\/Rimm-Logo_glossy-2-01.png","width":6572,"height":2084,"caption":"RIMM"},"image":{"@id":"https:\/\/www.rimm.at\/#\/schema\/logo\/image\/"}}]}},"_links":{"self":[{"href":"https:\/\/www.rimm.at\/cs\/wp-json\/wp\/v2\/pages\/1557"}],"collection":[{"href":"https:\/\/www.rimm.at\/cs\/wp-json\/wp\/v2\/pages"}],"about":[{"href":"https:\/\/www.rimm.at\/cs\/wp-json\/wp\/v2\/types\/page"}],"author":[{"embeddable":true,"href":"https:\/\/www.rimm.at\/cs\/wp-json\/wp\/v2\/users\/9"}],"replies":[{"embeddable":true,"href":"https:\/\/www.rimm.at\/cs\/wp-json\/wp\/v2\/comments?post=1557"}],"version-history":[{"count":37,"href":"https:\/\/www.rimm.at\/cs\/wp-json\/wp\/v2\/pages\/1557\/revisions"}],"predecessor-version":[{"id":4366,"href":"https:\/\/www.rimm.at\/cs\/wp-json\/wp\/v2\/pages\/1557\/revisions\/4366"}],"up":[{"embeddable":true,"href":"https:\/\/www.rimm.at\/cs\/wp-json\/wp\/v2\/pages\/1610"}],"wp:attachment":[{"href":"https:\/\/www.rimm.at\/cs\/wp-json\/wp\/v2\/media?parent=1557"}],"curies":[{"name":"wp","href":"https:\/\/api.w.org\/{rel}","templated":true}]}}