{"id":1001,"date":"2019-12-03T14:37:57","date_gmt":"2019-12-03T13:37:57","guid":{"rendered":"https:\/\/www.rimm.at\/?page_id=1001"},"modified":"2021-01-21T15:23:49","modified_gmt":"2021-01-21T14:23:49","slug":"leistungen","status":"publish","type":"page","link":"https:\/\/www.rimm.at\/en\/startseite\/leistungen\/","title":{"rendered":"Leistungen"},"content":{"rendered":"<div data-elementor-type=\"wp-post\" data-elementor-id=\"1001\" class=\"elementor elementor-1001\">\n\t\t\t\t\t\t<section class=\"elementor-section elementor-top-section elementor-element elementor-element-08e05bf elementor-section-full_width elementor-section-height-default elementor-section-height-default\" data-id=\"08e05bf\" data-element_type=\"section\">\n\t\t\t\t\t\t<div class=\"elementor-container elementor-column-gap-default\">\n\t\t\t\t\t<div class=\"elementor-column elementor-col-100 elementor-top-column elementor-element elementor-element-fcde94a\" data-id=\"fcde94a\" data-element_type=\"column\">\n\t\t\t<div class=\"elementor-widget-wrap\">\n\t\t\t\t\t\t\t<\/div>\n\t\t<\/div>\n\t\t\t\t\t<\/div>\n\t\t<\/section>\n\t\t\t\t<section class=\"elementor-section elementor-top-section elementor-element elementor-element-32da6d2 elementor-section-boxed elementor-section-height-default elementor-section-height-default\" data-id=\"32da6d2\" data-element_type=\"section\">\n\t\t\t\t\t\t<div class=\"elementor-container elementor-column-gap-default\">\n\t\t\t\t\t<div class=\"elementor-column elementor-col-100 elementor-top-column elementor-element elementor-element-0441d28\" data-id=\"0441d28\" data-element_type=\"column\">\n\t\t\t<div class=\"elementor-widget-wrap\">\n\t\t\t\t\t\t\t<\/div>\n\t\t<\/div>\n\t\t\t\t\t<\/div>\n\t\t<\/section>\n\t\t\t\t<\/div>","protected":false},"excerpt":{"rendered":"<p>RIMM-Hotline RIMM-Hotline RIMM-Hotline Unsere Erfahrung zeigt, dass bereits eine telefonische Beratung in&#8230; Learn More Dienstleistungen Dienstleistungen Dienstleistung &#8211; RIMM Service f\u00fcr Ihren Betrieb Bereits im Vorfeld&#8230; Learn More Wartung Wartung Wartung Vorbeugende Wartung macht sich f\u00fcr den Kunden immer bezahlt,&#8230; Learn More Schulung Schulung Schulung Eine gr\u00fcndliche, praxisgerechte Schulung vor Ort oder im RIMM&#8230; Learn&hellip;&nbsp;<a href=\"https:\/\/www.rimm.at\/en\/startseite\/leistungen\/\" class=\"\" rel=\"bookmark\">Read More &raquo;<span class=\"screen-reader-text\">Leistungen<\/span><\/a><\/p>","protected":false},"author":9,"featured_media":0,"parent":907,"menu_order":3,"comment_status":"closed","ping_status":"closed","template":"elementor_header_footer","meta":{"neve_meta_sidebar":"","neve_meta_container":"","neve_meta_enable_content_width":"","neve_meta_content_width":0,"neve_meta_title_alignment":"","neve_meta_author_avatar":"","neve_post_elements_order":"","neve_meta_disable_header":"","neve_meta_disable_footer":"","neve_meta_disable_title":"","footnotes":""},"yoast_head":"<!-- This site is optimized with the Yoast SEO plugin v22.6 - https:\/\/yoast.com\/wordpress\/plugins\/seo\/ -->\n<title>Leistungen - RIMM<\/title>\n<meta name=\"robots\" content=\"index, follow, max-snippet:-1, max-image-preview:large, max-video-preview:-1\" \/>\n<link rel=\"canonical\" href=\"https:\/\/www.rimm.at\/en\/startseite\/leistungen\/\" \/>\n<meta property=\"og:locale\" content=\"en_GB\" \/>\n<meta property=\"og:type\" content=\"article\" \/>\n<meta property=\"og:title\" content=\"Leistungen - RIMM\" \/>\n<meta property=\"og:description\" content=\"RIMM-Hotline RIMM-Hotline RIMM-Hotline Unsere Erfahrung zeigt, dass bereits eine telefonische Beratung in&#8230; Learn More Dienstleistungen Dienstleistungen Dienstleistung &#8211; RIMM Service f\u00fcr Ihren Betrieb Bereits im Vorfeld&#8230; Learn More Wartung Wartung Wartung Vorbeugende Wartung macht sich f\u00fcr den Kunden immer bezahlt,&#8230; Learn More Schulung Schulung Schulung Eine gr\u00fcndliche, praxisgerechte Schulung vor Ort oder im RIMM&#8230; Learn&hellip;&nbsp;Read More &raquo;Leistungen\" \/>\n<meta property=\"og:url\" content=\"https:\/\/www.rimm.at\/en\/startseite\/leistungen\/\" \/>\n<meta property=\"og:site_name\" content=\"RIMM\" \/>\n<meta property=\"article:modified_time\" content=\"2021-01-21T14:23:49+00:00\" \/>\n<meta property=\"og:image\" content=\"https:\/\/www.rimm.at\/wp-content\/uploads\/2019\/01\/AdobeStock_159264537_web-1.jpg\" \/>\n<meta name=\"twitter:card\" content=\"summary_large_image\" \/>\n<meta name=\"twitter:label1\" content=\"Estimated reading time\" \/>\n\t<meta name=\"twitter:data1\" content=\"1 minute\" \/>\n<script type=\"application\/ld+json\" class=\"yoast-schema-graph\">{\"@context\":\"https:\/\/schema.org\",\"@graph\":[{\"@type\":\"WebPage\",\"@id\":\"https:\/\/www.rimm.at\/startseite\/leistungen\/\",\"url\":\"https:\/\/www.rimm.at\/startseite\/leistungen\/\",\"name\":\"Leistungen - RIMM\",\"isPartOf\":{\"@id\":\"https:\/\/www.rimm.at\/#website\"},\"primaryImageOfPage\":{\"@id\":\"https:\/\/www.rimm.at\/startseite\/leistungen\/#primaryimage\"},\"image\":{\"@id\":\"https:\/\/www.rimm.at\/startseite\/leistungen\/#primaryimage\"},\"thumbnailUrl\":\"https:\/\/www.rimm.at\/wp-content\/uploads\/2019\/01\/AdobeStock_159264537_web-1.jpg\",\"datePublished\":\"2019-12-03T13:37:57+00:00\",\"dateModified\":\"2021-01-21T14:23:49+00:00\",\"breadcrumb\":{\"@id\":\"https:\/\/www.rimm.at\/startseite\/leistungen\/#breadcrumb\"},\"inLanguage\":\"en-GB\",\"potentialAction\":[{\"@type\":\"ReadAction\",\"target\":[\"https:\/\/www.rimm.at\/startseite\/leistungen\/\"]}]},{\"@type\":\"ImageObject\",\"inLanguage\":\"en-GB\",\"@id\":\"https:\/\/www.rimm.at\/startseite\/leistungen\/#primaryimage\",\"url\":\"https:\/\/www.rimm.at\/wp-content\/uploads\/2019\/01\/AdobeStock_159264537_web-1.jpg\",\"contentUrl\":\"https:\/\/www.rimm.at\/wp-content\/uploads\/2019\/01\/AdobeStock_159264537_web-1.jpg\"},{\"@type\":\"BreadcrumbList\",\"@id\":\"https:\/\/www.rimm.at\/startseite\/leistungen\/#breadcrumb\",\"itemListElement\":[{\"@type\":\"ListItem\",\"position\":1,\"name\":\"Home\",\"item\":\"https:\/\/www.rimm.at\/\"},{\"@type\":\"ListItem\",\"position\":2,\"name\":\"Startseite\",\"item\":\"https:\/\/www.rimm.at\/\"},{\"@type\":\"ListItem\",\"position\":3,\"name\":\"Leistungen\"}]},{\"@type\":\"WebSite\",\"@id\":\"https:\/\/www.rimm.at\/#website\",\"url\":\"https:\/\/www.rimm.at\/\",\"name\":\"RIMM\",\"description\":\"Elastomer Spritzgussmaschinen  |  \u00d6sterreich\",\"publisher\":{\"@id\":\"https:\/\/www.rimm.at\/#organization\"},\"potentialAction\":[{\"@type\":\"SearchAction\",\"target\":{\"@type\":\"EntryPoint\",\"urlTemplate\":\"https:\/\/www.rimm.at\/?s={search_term_string}\"},\"query-input\":\"required name=search_term_string\"}],\"inLanguage\":\"en-GB\"},{\"@type\":\"Organization\",\"@id\":\"https:\/\/www.rimm.at\/#organization\",\"name\":\"RIMM\",\"url\":\"https:\/\/www.rimm.at\/\",\"logo\":{\"@type\":\"ImageObject\",\"inLanguage\":\"en-GB\",\"@id\":\"https:\/\/www.rimm.at\/#\/schema\/logo\/image\/\",\"url\":\"https:\/\/www.rimm.at\/wp-content\/uploads\/2020\/10\/Rimm-Logo_glossy-2-01.png\",\"contentUrl\":\"https:\/\/www.rimm.at\/wp-content\/uploads\/2020\/10\/Rimm-Logo_glossy-2-01.png\",\"width\":6572,\"height\":2084,\"caption\":\"RIMM\"},\"image\":{\"@id\":\"https:\/\/www.rimm.at\/#\/schema\/logo\/image\/\"}}]}<\/script>\n<!-- \/ Yoast SEO plugin. -->","yoast_head_json":{"title":"Leistungen - RIMM","robots":{"index":"index","follow":"follow","max-snippet":"max-snippet:-1","max-image-preview":"max-image-preview:large","max-video-preview":"max-video-preview:-1"},"canonical":"https:\/\/www.rimm.at\/en\/startseite\/leistungen\/","og_locale":"en_GB","og_type":"article","og_title":"Leistungen - RIMM","og_description":"RIMM-Hotline RIMM-Hotline RIMM-Hotline Unsere Erfahrung zeigt, dass bereits eine telefonische Beratung in&#8230; Learn More Dienstleistungen Dienstleistungen Dienstleistung &#8211; RIMM Service f\u00fcr Ihren Betrieb Bereits im Vorfeld&#8230; Learn More Wartung Wartung Wartung Vorbeugende Wartung macht sich f\u00fcr den Kunden immer bezahlt,&#8230; Learn More Schulung Schulung Schulung Eine gr\u00fcndliche, praxisgerechte Schulung vor Ort oder im RIMM&#8230; Learn&hellip;&nbsp;Read More &raquo;Leistungen","og_url":"https:\/\/www.rimm.at\/en\/startseite\/leistungen\/","og_site_name":"RIMM","article_modified_time":"2021-01-21T14:23:49+00:00","og_image":[{"url":"https:\/\/www.rimm.at\/wp-content\/uploads\/2019\/01\/AdobeStock_159264537_web-1.jpg"}],"twitter_card":"summary_large_image","twitter_misc":{"Estimated reading time":"1 minute"},"schema":{"@context":"https:\/\/schema.org","@graph":[{"@type":"WebPage","@id":"https:\/\/www.rimm.at\/startseite\/leistungen\/","url":"https:\/\/www.rimm.at\/startseite\/leistungen\/","name":"Leistungen - RIMM","isPartOf":{"@id":"https:\/\/www.rimm.at\/#website"},"primaryImageOfPage":{"@id":"https:\/\/www.rimm.at\/startseite\/leistungen\/#primaryimage"},"image":{"@id":"https:\/\/www.rimm.at\/startseite\/leistungen\/#primaryimage"},"thumbnailUrl":"https:\/\/www.rimm.at\/wp-content\/uploads\/2019\/01\/AdobeStock_159264537_web-1.jpg","datePublished":"2019-12-03T13:37:57+00:00","dateModified":"2021-01-21T14:23:49+00:00","breadcrumb":{"@id":"https:\/\/www.rimm.at\/startseite\/leistungen\/#breadcrumb"},"inLanguage":"en-GB","potentialAction":[{"@type":"ReadAction","target":["https:\/\/www.rimm.at\/startseite\/leistungen\/"]}]},{"@type":"ImageObject","inLanguage":"en-GB","@id":"https:\/\/www.rimm.at\/startseite\/leistungen\/#primaryimage","url":"https:\/\/www.rimm.at\/wp-content\/uploads\/2019\/01\/AdobeStock_159264537_web-1.jpg","contentUrl":"https:\/\/www.rimm.at\/wp-content\/uploads\/2019\/01\/AdobeStock_159264537_web-1.jpg"},{"@type":"BreadcrumbList","@id":"https:\/\/www.rimm.at\/startseite\/leistungen\/#breadcrumb","itemListElement":[{"@type":"ListItem","position":1,"name":"Home","item":"https:\/\/www.rimm.at\/"},{"@type":"ListItem","position":2,"name":"Startseite","item":"https:\/\/www.rimm.at\/"},{"@type":"ListItem","position":3,"name":"Leistungen"}]},{"@type":"WebSite","@id":"https:\/\/www.rimm.at\/#website","url":"https:\/\/www.rimm.at\/","name":"RIMM","description":"Elastomer Spritzgussmaschinen  |  \u00d6sterreich","publisher":{"@id":"https:\/\/www.rimm.at\/#organization"},"potentialAction":[{"@type":"SearchAction","target":{"@type":"EntryPoint","urlTemplate":"https:\/\/www.rimm.at\/?s={search_term_string}"},"query-input":"required name=search_term_string"}],"inLanguage":"en-GB"},{"@type":"Organization","@id":"https:\/\/www.rimm.at\/#organization","name":"RIMM","url":"https:\/\/www.rimm.at\/","logo":{"@type":"ImageObject","inLanguage":"en-GB","@id":"https:\/\/www.rimm.at\/#\/schema\/logo\/image\/","url":"https:\/\/www.rimm.at\/wp-content\/uploads\/2020\/10\/Rimm-Logo_glossy-2-01.png","contentUrl":"https:\/\/www.rimm.at\/wp-content\/uploads\/2020\/10\/Rimm-Logo_glossy-2-01.png","width":6572,"height":2084,"caption":"RIMM"},"image":{"@id":"https:\/\/www.rimm.at\/#\/schema\/logo\/image\/"}}]}},"_links":{"self":[{"href":"https:\/\/www.rimm.at\/en\/wp-json\/wp\/v2\/pages\/1001"}],"collection":[{"href":"https:\/\/www.rimm.at\/en\/wp-json\/wp\/v2\/pages"}],"about":[{"href":"https:\/\/www.rimm.at\/en\/wp-json\/wp\/v2\/types\/page"}],"author":[{"embeddable":true,"href":"https:\/\/www.rimm.at\/en\/wp-json\/wp\/v2\/users\/9"}],"replies":[{"embeddable":true,"href":"https:\/\/www.rimm.at\/en\/wp-json\/wp\/v2\/comments?post=1001"}],"version-history":[{"count":30,"href":"https:\/\/www.rimm.at\/en\/wp-json\/wp\/v2\/pages\/1001\/revisions"}],"predecessor-version":[{"id":3655,"href":"https:\/\/www.rimm.at\/en\/wp-json\/wp\/v2\/pages\/1001\/revisions\/3655"}],"up":[{"embeddable":true,"href":"https:\/\/www.rimm.at\/en\/wp-json\/wp\/v2\/pages\/907"}],"wp:attachment":[{"href":"https:\/\/www.rimm.at\/en\/wp-json\/wp\/v2\/media?parent=1001"}],"curies":[{"name":"wp","href":"https:\/\/api.w.org\/{rel}","templated":true}]}}